{"id":8,"date":"2017-04-21T09:35:07","date_gmt":"2017-04-21T07:35:07","guid":{"rendered":"http:\/\/batem-77.com\/?page_id=8"},"modified":"2018-01-18T17:04:42","modified_gmt":"2018-01-18T16:04:42","slug":"a-propos","status":"publish","type":"page","link":"https:\/\/www.batem-77.com\/?page_id=8","title":{"rendered":"A Propos"},"content":{"rendered":"<p>[et_pb_section fb_built=\u00a0\u00bb1&Prime; background_color=\u00a0\u00bbrgba(255,255,255,0)\u00a0\u00bb _builder_version=\u00a0\u00bb3.0.47&Prime; background_image=\u00a0\u00bbhttp:\/\/www.batem-77.com\/wp-content\/uploads\/2017\/04\/mike-wilson-113302.jpg\u00a0\u00bb transparent_background=\u00a0\u00bbon\u00a0\u00bb][et_pb_row _builder_version=\u00a0\u00bb3.0.47&Prime; background_size=\u00a0\u00bbinitial\u00a0\u00bb background_position=\u00a0\u00bbtop_left\u00a0\u00bb background_repeat=\u00a0\u00bbrepeat\u00a0\u00bb][et_pb_column type=\u00a0\u00bb1_3&Prime; _builder_version=\u00a0\u00bb3.0.47&Prime; parallax=\u00a0\u00bboff\u00a0\u00bb parallax_method=\u00a0\u00bbon\u00a0\u00bb][et_pb_image src=\u00a0\u00bbhttp:\/\/www.batem-77.com\/wp-content\/uploads\/2017\/05\/Capture-d\u2019e\u0301cran-2017-05-03-a\u0300-15.48.52.png\u00a0\u00bb show_in_lightbox=\u00a0\u00bbon\u00a0\u00bb use_overlay=\u00a0\u00bbon\u00a0\u00bb hover_overlay_color=\u00a0\u00bbrgba(229,229,229,0.66)\u00a0\u00bb hover_icon=\u00a0\u00bb%%51%%\u00a0\u00bb _builder_version=\u00a0\u00bb3.0.96&Prime; animation_style=\u00a0\u00bbzoom\u00a0\u00bb animation=\u00a0\u00bboff\u00a0\u00bb][\/et_pb_image][\/et_pb_column][et_pb_column type=\u00a0\u00bb2_3&Prime; _builder_version=\u00a0\u00bb3.0.47&Prime; parallax=\u00a0\u00bboff\u00a0\u00bb parallax_method=\u00a0\u00bbon\u00a0\u00bb][et_pb_text _builder_version=\u00a0\u00bb3.0.47&Prime; background_color=\u00a0\u00bbrgba(12,113,195,0.76)\u00a0\u00bb background_size=\u00a0\u00bbinitial\u00a0\u00bb background_position=\u00a0\u00bbtop_left\u00a0\u00bb background_repeat=\u00a0\u00bbrepeat\u00a0\u00bb]<\/p>\n<h2><span style=\"text-decoration: underline; color: #ffffff;\">Notre exp\u00e9rience mise \u00e0 votre disposition\u00a0 \u00a0 \u00a0 \u00a0 \u00a0 \u00a0 \u00a0 \u00a0 \u00a0 \u00a0 \u00a0 \u00a0 \u00a0 \u00a0\u00a0<\/span><\/h2>\n<h4><span style=\"color: #000000;\">&#8211; Cr\u00e9\u00e9 en 2007 par Temle Vasile, BA-TEM poss\u00e8de plus de 10 ann\u00e9es d&rsquo;exp\u00e9rience dans le domaine du b\u00e2timent.\u00a0<\/span><\/h4>\n<h4><span style=\"color: #000000;\">&#8211; L&rsquo;entreprise est une SARL qui engage actuellement 40<\/span><span style=\"color: #000000;\"> salari\u00e9s et a proc\u00e9d\u00e9 dans des interventions consid\u00e9rables comme la\u00a0philharmonie de Paris ou encore certains grattes ciels de la D\u00e9fense.<\/span><\/h4>\n<h4><span style=\"color: #000000;\">&#8211; Ces crit\u00e8res sont un gage de fiabilit\u00e9 pour la r\u00e9alisation de vos chantiers.<\/span><\/h4>\n<p>[\/et_pb_text][\/et_pb_column][\/et_pb_row][et_pb_row _builder_version=\u00a0\u00bb3.0.47&Prime; background_size=\u00a0\u00bbinitial\u00a0\u00bb background_position=\u00a0\u00bbtop_left\u00a0\u00bb background_repeat=\u00a0\u00bbrepeat\u00a0\u00bb][et_pb_column type=\u00a0\u00bb2_3&Prime; _builder_version=\u00a0\u00bb3.0.47&Prime; parallax=\u00a0\u00bboff\u00a0\u00bb parallax_method=\u00a0\u00bbon\u00a0\u00bb][et_pb_text _builder_version=\u00a0\u00bb3.0.47&Prime; background_size=\u00a0\u00bbinitial\u00a0\u00bb background_position=\u00a0\u00bbtop_left\u00a0\u00bb background_repeat=\u00a0\u00bbrepeat\u00a0\u00bb][\/et_pb_text][et_pb_text _builder_version=\u00a0\u00bb3.0.96&Prime; text_font=\u00a0\u00bb||||||||\u00a0\u00bb header_font=\u00a0\u00bb||||||||\u00a0\u00bb background_color=\u00a0\u00bbrgba(13,133,219,0.87)\u00a0\u00bb background_size=\u00a0\u00bbinitial\u00a0\u00bb background_position=\u00a0\u00bbtop_left\u00a0\u00bb background_repeat=\u00a0\u00bbrepeat\u00a0\u00bb box_shadow_style=\u00a0\u00bbpreset1&Prime; box_shadow_color=\u00a0\u00bbrgba(12,113,195,0.3)\u00a0\u00bb]<\/p>\n<h4><span style=\"text-decoration: underline; font-size: x-large;\"><span style=\"color: #ffffff; text-decoration: underline;\">Nos points forts\u00a0 \u00a0 \u00a0 \u00a0 \u00a0 \u00a0 \u00a0 \u00a0 \u00a0 \u00a0 \u00a0 \u00a0 \u00a0 \u00a0 \u00a0 \u00a0 \u00a0 \u00a0 \u00a0 \u00a0 \u00a0 \u00a0 \u00a0 \u00a0 \u00a0 \u00a0 \u00a0 \u00a0 \u00a0 \u00a0 \u00a0 \u00a0 \u00a0 \u00a0 \u00a0 \u00a0 \u00a0 \u00a0 \u00a0 \u00a0 \u00a0 \u00a0<\/span><\/span><\/h4>\n<h4><span style=\"color: #000000;\">-Nos locaux sont positionn\u00e9s dans le d\u00e9partement du 77 \u00e0 Saint-Thibault des Vignes. Cette position est avantageuse pour nos salari\u00e9s mais nous aide aussi \u00e0 recouvrir la zone de L&rsquo;\u00cele de France en cas de livraison sur un de nos chantiers.<\/span><\/h4>\n<h4><span style=\"color: #000000;\">-Enfin notre chiffre d&rsquo;affaires en 2014 a d\u00e9pass\u00e9 les 3,5 M. Ce qui est consid\u00e9rable vus que ce fut une ann\u00e9e de crise dans le milieu du BTP.<\/span><\/h4>\n<p>[\/et_pb_text][\/et_pb_column][et_pb_column type=\u00a0\u00bb1_3&Prime; _builder_version=\u00a0\u00bb3.0.47&Prime; parallax=\u00a0\u00bboff\u00a0\u00bb parallax_method=\u00a0\u00bbon\u00a0\u00bb][et_pb_image src=\u00a0\u00bbhttp:\/\/www.batem-77.com\/wp-content\/uploads\/2018\/01\/Capture-d\u2019e\u0301cran-2018-01-18-a\u0300-11.05.50.png\u00a0\u00bb show_in_lightbox=\u00a0\u00bbon\u00a0\u00bb use_overlay=\u00a0\u00bbon\u00a0\u00bb hover_overlay_color=\u00a0\u00bbrgba(255,255,255,0.62)\u00a0\u00bb hover_icon=\u00a0\u00bb%%51%%\u00a0\u00bb _builder_version=\u00a0\u00bb3.0.96&Prime; animation_style=\u00a0\u00bbzoom\u00a0\u00bb animation_direction=\u00a0\u00bbleft\u00a0\u00bb animation_duration=\u00a0\u00bb500ms\u00a0\u00bb][\/et_pb_image][\/et_pb_column][\/et_pb_row][et_pb_row _builder_version=\u00a0\u00bb3.0.96&Prime;][et_pb_column type=\u00a0\u00bb4_4&Prime; _builder_version=\u00a0\u00bb3.0.96&Prime; parallax=\u00a0\u00bboff\u00a0\u00bb parallax_method=\u00a0\u00bbon\u00a0\u00bb][et_pb_image src=\u00a0\u00bbhttp:\/\/www.batem-77.com\/wp-content\/uploads\/2018\/01\/Capture-d\u2019e\u0301cran-2018-01-18-a\u0300-17.01.27.png\u00a0\u00bb _builder_version=\u00a0\u00bb3.0.96&Prime;][\/et_pb_image][\/et_pb_column][\/et_pb_row][\/et_pb_section]<\/p>\n","protected":false},"excerpt":{"rendered":"<p>[et_pb_section fb_built=\u00a0\u00bb1&Prime; background_color=\u00a0\u00bbrgba(255,255,255,0)\u00a0\u00bb _builder_version=\u00a0\u00bb3.0.47&Prime; background_image=\u00a0\u00bbhttp:\/\/www.batem-77.com\/wp-content\/uploads\/2017\/04\/mike-wilson-113302.jpg\u00a0\u00bb transparent_background=\u00a0\u00bbon\u00a0\u00bb][et_pb_row _builder_version=\u00a0\u00bb3.0.47&Prime; background_size=\u00a0\u00bbinitial\u00a0\u00bb background_position=\u00a0\u00bbtop_left\u00a0\u00bb background_repeat=\u00a0\u00bbrepeat\u00a0\u00bb][et_pb_column type=\u00a0\u00bb1_3&Prime; _builder_version=\u00a0\u00bb3.0.47&Prime; parallax=\u00a0\u00bboff\u00a0\u00bb parallax_method=\u00a0\u00bbon\u00a0\u00bb][et_pb_image src=\u00a0\u00bbhttp:\/\/www.batem-77.com\/wp-content\/uploads\/2017\/05\/Capture-d\u2019e\u0301cran-2017-05-03-a\u0300-15.48.52.png\u00a0\u00bb show_in_lightbox=\u00a0\u00bbon\u00a0\u00bb use_overlay=\u00a0\u00bbon\u00a0\u00bb hover_overlay_color=\u00a0\u00bbrgba(229,229,229,0.66)\u00a0\u00bb hover_icon=\u00a0\u00bb%%51%%\u00a0\u00bb _builder_version=\u00a0\u00bb3.0.96&Prime; animation_style=\u00a0\u00bbzoom\u00a0\u00bb animation=\u00a0\u00bboff\u00a0\u00bb][\/et_pb_image][\/et_pb_column][et_pb_column type=\u00a0\u00bb2_3&Prime; _builder_version=\u00a0\u00bb3.0.47&Prime; parallax=\u00a0\u00bboff\u00a0\u00bb parallax_method=\u00a0\u00bbon\u00a0\u00bb][et_pb_text _builder_version=\u00a0\u00bb3.0.47&Prime; background_color=\u00a0\u00bbrgba(12,113,195,0.76)\u00a0\u00bb background_size=\u00a0\u00bbinitial\u00a0\u00bb background_position=\u00a0\u00bbtop_left\u00a0\u00bb background_repeat=\u00a0\u00bbrepeat\u00a0\u00bb] Notre exp\u00e9rience mise \u00e0 votre disposition\u00a0 \u00a0 \u00a0 \u00a0 \u00a0 \u00a0 \u00a0 \u00a0 \u00a0 \u00a0 \u00a0 \u00a0 \u00a0 \u00a0\u00a0 &#8211; Cr\u00e9\u00e9 en 2007 par [&hellip;]<\/p>\n","protected":false},"author":1,"featured_media":0,"parent":0,"menu_order":0,"comment_status":"closed","ping_status":"closed","template":"","meta":{"_et_pb_use_builder":"on","_et_pb_old_content":""},"_links":{"self":[{"href":"https:\/\/www.batem-77.com\/index.php?rest_route=\/wp\/v2\/pages\/8"}],"collection":[{"href":"https:\/\/www.batem-77.com\/index.php?rest_route=\/wp\/v2\/pages"}],"about":[{"href":"https:\/\/www.batem-77.com\/index.php?rest_route=\/wp\/v2\/types\/page"}],"author":[{"embeddable":true,"href":"https:\/\/www.batem-77.com\/index.php?rest_route=\/wp\/v2\/users\/1"}],"replies":[{"embeddable":true,"href":"https:\/\/www.batem-77.com\/index.php?rest_route=%2Fwp%2Fv2%2Fcomments&post=8"}],"version-history":[{"count":29,"href":"https:\/\/www.batem-77.com\/index.php?rest_route=\/wp\/v2\/pages\/8\/revisions"}],"predecessor-version":[{"id":410,"href":"https:\/\/www.batem-77.com\/index.php?rest_route=\/wp\/v2\/pages\/8\/revisions\/410"}],"wp:attachment":[{"href":"https:\/\/www.batem-77.com\/index.php?rest_route=%2Fwp%2Fv2%2Fmedia&parent=8"}],"curies":[{"name":"wp","href":"https:\/\/api.w.org\/{rel}","templated":true}]}}